{"id":209,"date":"2017-09-01T18:44:54","date_gmt":"2017-09-01T18:44:54","guid":{"rendered":"http:\/\/themenectar.com\/demo\/salient-corporate-2\/?page_id=209"},"modified":"2025-11-27T11:09:30","modified_gmt":"2025-11-27T08:09:30","slug":"success-stories","status":"publish","type":"page","link":"https:\/\/hype.com.tr\/en\/success-stories\/","title":{"rendered":"Success Stories"},"content":{"rendered":"[vc_row type=&#8221;full_width_background&#8221; full_screen_row_position=&#8221;middle&#8221; column_margin=&#8221;default&#8221; column_direction=&#8221;default&#8221; column_direction_tablet=&#8221;default&#8221; column_direction_phone=&#8221;default&#8221; scene_position=&#8221;center&#8221; bottom_padding=&#8221;60&#8243; text_color=&#8221;dark&#8221; text_align=&#8221;left&#8221; row_border_radius=&#8221;none&#8221; row_border_radius_applies=&#8221;bg&#8221; overlay_strength=&#8221;0.3&#8243; gradient_direction=&#8221;left_to_right&#8221; shape_divider_position=&#8221;bottom&#8221; bg_image_animation=&#8221;none&#8221; shape_type=&#8221;&#8221;][vc_column column_padding=&#8221;no-extra-padding&#8221; column_padding_tablet=&#8221;inherit&#8221; column_padding_phone=&#8221;inherit&#8221; column_padding_position=&#8221;all&#8221; background_color_opacity=&#8221;1&#8243; background_hover_color_opacity=&#8221;1&#8243; column_shadow=&#8221;none&#8221; column_border_radius=&#8221;none&#8221; column_link_target=&#8221;_self&#8221; gradient_direction=&#8221;left_to_right&#8221; overlay_strength=&#8221;0.3&#8243; width=&#8221;1\/1&#8243; tablet_width_inherit=&#8221;default&#8221; tablet_text_alignment=&#8221;default&#8221; phone_text_alignment=&#8221;default&#8221; column_border_width=&#8221;none&#8221; column_border_style=&#8221;solid&#8221; bg_image_animation=&#8221;none&#8221;][recent_posts style=&#8221;multiple_large_featured&#8221; large_featured_padding=&#8221;10%&#8221; mlf_navigation_location=&#8221;side&#8221; button_color=&#8221;Accent-Color&#8221; bg_overlay=&#8221;solid_color&#8221; category=&#8221;&#8221; multiple_large_featured_num=&#8221;4&#8243; order=&#8221;DESC&#8221; orderby=&#8221;rand&#8221; auto_rotate=&#8221;none&#8221; image_loading=&#8221;default&#8221; blog_remove_post_author=&#8221;true&#8221; blog_remove_post_comment_number=&#8221;true&#8221; blog_remove_post_nectar_love=&#8221;true&#8221;][\/vc_column][\/vc_row][vc_row type=&#8221;in_container&#8221; full_screen_row_position=&#8221;middle&#8221; column_margin=&#8221;default&#8221; column_direction=&#8221;default&#8221; column_direction_tablet=&#8221;default&#8221; column_direction_phone=&#8221;default&#8221; scene_position=&#8221;center&#8221; bottom_padding=&#8221;30&#8243; text_color=&#8221;dark&#8221; text_align=&#8221;left&#8221; row_border_radius=&#8221;none&#8221; row_border_radius_applies=&#8221;bg&#8221; overlay_strength=&#8221;0.3&#8243; gradient_direction=&#8221;left_to_right&#8221; shape_divider_position=&#8221;bottom&#8221; bg_image_animation=&#8221;none&#8221; shape_type=&#8221;&#8221;][vc_column column_padding=&#8221;no-extra-padding&#8221; column_padding_tablet=&#8221;inherit&#8221; column_padding_phone=&#8221;inherit&#8221; column_padding_position=&#8221;all&#8221; background_color_opacity=&#8221;1&#8243; background_hover_color_opacity=&#8221;1&#8243; column_shadow=&#8221;none&#8221; column_border_radius=&#8221;none&#8221; column_link_target=&#8221;_self&#8221; gradient_direction=&#8221;left_to_right&#8221; overlay_strength=&#8221;0.3&#8243; width=&#8221;1\/1&#8243; tablet_width_inherit=&#8221;default&#8221; tablet_text_alignment=&#8221;default&#8221; phone_text_alignment=&#8221;default&#8221; column_border_width=&#8221;none&#8221; column_border_style=&#8221;solid&#8221; bg_image_animation=&#8221;none&#8221;][nectar_blog layout=&#8221;masonry-blog-fullwidth&#8221; blog_masonry_style=&#8221;material&#8221; load_in_animation=&#8221;none&#8221; category=&#8221;success-stories&#8221; enable_pagination=&#8221;true&#8221; pagination_type=&#8221;default&#8221; order=&#8221;DESC&#8221; orderby=&#8221;date&#8221; blog_remove_post_date=&#8221;true&#8221; blog_remove_post_author=&#8221;true&#8221; blog_remove_post_comment_number=&#8221;true&#8221; blog_remove_post_nectar_love=&#8221;true&#8221; posts_per_page=&#8221;8&#8243;][\/vc_column][\/vc_row][vc_row type=&#8221;full_width_background&#8221; full_screen_row_position=&#8221;middle&#8221; column_margin=&#8221;default&#8221; column_direction=&#8221;default&#8221; column_direction_tablet=&#8221;default&#8221; column_direction_phone=&#8221;default&#8221; bg_color=&#8221;#f4f4f4&#8243; scene_position=&#8221;center&#8221; top_padding=&#8221;3%&#8221; bottom_padding=&#8221;3%&#8221; text_color=&#8221;dark&#8221; text_align=&#8221;left&#8221; row_border_radius=&#8221;none&#8221; row_border_radius_applies=&#8221;bg&#8221; disable_element=&#8221;yes&#8221; overlay_strength=&#8221;0.3&#8243; gradient_direction=&#8221;left_to_right&#8221; shape_divider_position=&#8221;bottom&#8221; bg_image_animation=&#8221;none&#8221; shape_type=&#8221;&#8221;][vc_column column_padding=&#8221;no-extra-padding&#8221; column_padding_tablet=&#8221;inherit&#8221; column_padding_phone=&#8221;inherit&#8221; column_padding_position=&#8221;all&#8221; background_color_opacity=&#8221;1&#8243; background_hover_color_opacity=&#8221;1&#8243; column_shadow=&#8221;none&#8221; column_border_radius=&#8221;none&#8221; column_link_target=&#8221;_self&#8221; gradient_direction=&#8221;left_to_right&#8221; overlay_strength=&#8221;0.3&#8243; width=&#8221;1\/1&#8243; tablet_width_inherit=&#8221;default&#8221; tablet_text_alignment=&#8221;default&#8221; phone_text_alignment=&#8221;default&#8221; column_border_width=&#8221;none&#8221; column_border_style=&#8221;solid&#8221; bg_image_animation=&#8221;none&#8221;][vc_row_inner content_placement=&#8221;middle&#8221; column_margin=&#8221;default&#8221; column_direction=&#8221;default&#8221; column_direction_tablet=&#8221;default&#8221; column_direction_phone=&#8221;default&#8221; text_align=&#8221;left&#8221; css=&#8221;.vc_custom_1601231230752{margin-bottom: 0px !important;}&#8221;][vc_column_inner column_padding=&#8221;no-extra-padding&#8221; column_padding_tablet=&#8221;inherit&#8221; column_padding_phone=&#8221;inherit&#8221; column_padding_position=&#8221;all&#8221; background_color_opacity=&#8221;1&#8243; background_hover_color_opacity=&#8221;1&#8243; column_shadow=&#8221;none&#8221; column_border_radius=&#8221;none&#8221; column_link_target=&#8221;_self&#8221; gradient_direction=&#8221;left_to_right&#8221; overlay_strength=&#8221;0.3&#8243; width=&#8221;1\/2&#8243; tablet_width_inherit=&#8221;default&#8221; column_border_width=&#8221;none&#8221; column_border_style=&#8221;solid&#8221; bg_image_animation=&#8221;none&#8221;][image_with_animation image_url=&#8221;6184&#8243; animation=&#8221;None&#8221; hover_animation=&#8221;none&#8221; alignment=&#8221;&#8221; border_radius=&#8221;none&#8221; box_shadow=&#8221;none&#8221; image_loading=&#8221;default&#8221; max_width=&#8221;100%&#8221; max_width_mobile=&#8221;default&#8221;][\/vc_column_inner][vc_column_inner column_padding=&#8221;no-extra-padding&#8221; column_padding_tablet=&#8221;inherit&#8221; column_padding_phone=&#8221;inherit&#8221; column_padding_position=&#8221;all&#8221; bottom_margin=&#8221;0px&#8221; background_color_opacity=&#8221;1&#8243; background_hover_color_opacity=&#8221;1&#8243; column_shadow=&#8221;none&#8221; column_border_radius=&#8221;none&#8221; column_link_target=&#8221;_self&#8221; el_class=&#8221;footer-social-icons&#8221; gradient_direction=&#8221;left_to_right&#8221; overlay_strength=&#8221;0.3&#8243; width=&#8221;1\/2&#8243; tablet_width_inherit=&#8221;default&#8221; column_border_width=&#8221;none&#8221; column_border_style=&#8221;solid&#8221; bg_image_animation=&#8221;none&#8221;][nectar_icon icon_family=&#8221;fontawesome&#8221; icon_style=&#8221;default&#8221; icon_color_type=&#8221;custom&#8221; icon_color_custom=&#8221;#000000&#8243; icon_padding=&#8221;10px&#8221; icon_fontawesome=&#8221;fa fa-facebook-official&#8221; icon_size=&#8221;20&#8243; margin_bottom=&#8221;0px&#8221; url=&#8221;https:\/\/www.facebook.com\/hypeistanbul\/&#8221;][nectar_icon icon_family=&#8221;fontawesome&#8221; icon_style=&#8221;default&#8221; icon_color_type=&#8221;custom&#8221; icon_color_custom=&#8221;#000000&#8243; icon_padding=&#8221;10px&#8221; icon_fontawesome=&#8221;fa fa-medium&#8221; icon_size=&#8221;20&#8243; margin_bottom=&#8221;0px&#8221; url=&#8221;https:\/\/hypeoveradvertising.com\/&#8221;][nectar_icon icon_family=&#8221;fontawesome&#8221; icon_style=&#8221;default&#8221; icon_color_type=&#8221;custom&#8221; icon_color_custom=&#8221;#000000&#8243; icon_padding=&#8221;10px&#8221; icon_fontawesome=&#8221;fa fa-instagram&#8221; icon_size=&#8221;20&#8243; margin_bottom=&#8221;0px&#8221; url=&#8221;https:\/\/www.instagram.com\/hypeistanbul\/&#8221;][nectar_icon icon_family=&#8221;fontawesome&#8221; icon_style=&#8221;default&#8221; icon_color_type=&#8221;custom&#8221; icon_color_custom=&#8221;#000000&#8243; icon_padding=&#8221;10px&#8221; icon_fontawesome=&#8221;fa fa-twitter&#8221; icon_size=&#8221;20&#8243; margin_bottom=&#8221;0px&#8221; url=&#8221;https:\/\/twitter.com\/hypeistanbul&#8221;][nectar_icon icon_family=&#8221;fontawesome&#8221; icon_style=&#8221;default&#8221; icon_color_type=&#8221;custom&#8221; icon_color_custom=&#8221;#000000&#8243; icon_padding=&#8221;10px&#8221; icon_fontawesome=&#8221;fa fa-linkedin&#8221; icon_size=&#8221;20&#8243; margin_bottom=&#8221;0px&#8221; url=&#8221;https:\/\/tr.linkedin.com\/company\/hypeistanbul&#8221;][\/vc_column_inner][\/vc_row_inner][vc_row_inner column_margin=&#8221;default&#8221; column_direction=&#8221;default&#8221; column_direction_tablet=&#8221;default&#8221; column_direction_phone=&#8221;default&#8221; text_align=&#8221;left&#8221;][vc_column_inner column_padding=&#8221;no-extra-padding&#8221; column_padding_tablet=&#8221;inherit&#8221; column_padding_phone=&#8221;inherit&#8221; column_padding_position=&#8221;all&#8221; background_color_opacity=&#8221;1&#8243; background_hover_color_opacity=&#8221;1&#8243; column_shadow=&#8221;none&#8221; column_border_radius=&#8221;none&#8221; column_link_target=&#8221;_self&#8221; gradient_direction=&#8221;left_to_right&#8221; overlay_strength=&#8221;0.3&#8243; width=&#8221;1\/2&#8243; tablet_width_inherit=&#8221;default&#8221; column_border_width=&#8221;none&#8221; column_border_style=&#8221;solid&#8221; bg_image_animation=&#8221;none&#8221;][vc_column_text]\n<h6 style=\"color: #404040 !important; font-weight: 400 !important;\"><a href=\"http:\/\/hype.com.tr\/en\/\">Home<\/a> | <a href=\"http:\/\/hype.com.tr\/en\/our-expertise\/\">Our Expertise<\/a> | <a href=\"http:\/\/hype.com.tr\/en\/success-stories\/\">Case Studies<\/a> | <a href=\"http:\/\/hype.com.tr\/en\/contact-us\/\">Contact Us<\/a> | <a href=\"http:\/\/hype.com.tr\/\">TR<\/a><\/h6>\n[\/vc_column_text][\/vc_column_inner][vc_column_inner column_padding=&#8221;no-extra-padding&#8221; column_padding_tablet=&#8221;inherit&#8221; column_padding_phone=&#8221;inherit&#8221; column_padding_position=&#8221;all&#8221; background_color_opacity=&#8221;1&#8243; background_hover_color_opacity=&#8221;1&#8243; column_shadow=&#8221;none&#8221; column_border_radius=&#8221;none&#8221; column_link_target=&#8221;_self&#8221; el_class=&#8221;footer-social-icons&#8221; gradient_direction=&#8221;left_to_right&#8221; overlay_strength=&#8221;0.3&#8243; width=&#8221;1\/2&#8243; tablet_width_inherit=&#8221;default&#8221; column_border_width=&#8221;none&#8221; column_border_style=&#8221;solid&#8221; bg_image_animation=&#8221;none&#8221;][vc_column_text]\n<h6 style=\"color: #404040 !important; font-weight: 400 !important;\">Cookie Policy | \u00a9 Hype 2013 &#8211; 2020<\/h6>\n[\/vc_column_text][\/vc_column_inner][\/vc_row_inner][\/vc_column][\/vc_row]\n","protected":false},"excerpt":{"rendered":"<p>[vc_row type=&#8221;full_width_background&#8221; full_screen_row_position=&#8221;middle&#8221; column_margin=&#8221;default&#8221; column_direction=&#8221;default&#8221; column_direction_tablet=&#8221;default&#8221; column_direction_phone=&#8221;default&#8221; scene_position=&#8221;center&#8221; bottom_padding=&#8221;60&#8243; text_color=&#8221;dark&#8221; text_align=&#8221;left&#8221; row_border_radius=&#8221;none&#8221; row_border_radius_applies=&#8221;bg&#8221; overlay_strength=&#8221;0.3&#8243; gradient_direction=&#8221;left_to_right&#8221; shape_divider_position=&#8221;bottom&#8221; bg_image_animation=&#8221;none&#8221; shape_type=&#8221;&#8221;][vc_column column_padding=&#8221;no-extra-padding&#8221; column_padding_tablet=&#8221;inherit&#8221; column_padding_phone=&#8221;inherit&#8221; column_padding_position=&#8221;all&#8221; background_color_opacity=&#8221;1&#8243; background_hover_color_opacity=&#8221;1&#8243; column_shadow=&#8221;none&#8221; column_border_radius=&#8221;none&#8221; column_link_target=&#8221;_self&#8221; gradient_direction=&#8221;left_to_right&#8221; overlay_strength=&#8221;0.3&#8243; width=&#8221;1\/1&#8243;&#8230;<\/p>\n","protected":false},"author":1,"featured_media":0,"parent":0,"menu_order":0,"comment_status":"closed","ping_status":"closed","template":"","meta":{"footnotes":""},"class_list":["post-209","page","type-page","status-publish"],"yoast_head":"<!-- This site is optimized with the Yoast SEO plugin v24.6 - https:\/\/yoast.com\/wordpress\/plugins\/seo\/ -->\n<title>Success Stories - Hype<\/title>\n<meta name=\"robots\" content=\"index, follow, max-snippet:-1, max-image-preview:large, max-video-preview:-1\" \/>\n<link rel=\"canonical\" href=\"https:\/\/hype.com.tr\/en\/success-stories\/\" \/>\n<meta property=\"og:locale\" content=\"en_US\" \/>\n<meta property=\"og:type\" content=\"article\" \/>\n<meta property=\"og:title\" content=\"Success Stories - Hype\" \/>\n<meta property=\"og:description\" content=\"[vc_row type=&#8221;full_width_background&#8221; full_screen_row_position=&#8221;middle&#8221; column_margin=&#8221;default&#8221; column_direction=&#8221;default&#8221; column_direction_tablet=&#8221;default&#8221; column_direction_phone=&#8221;default&#8221; scene_position=&#8221;center&#8221; bottom_padding=&#8221;60&#8243; text_color=&#8221;dark&#8221; text_align=&#8221;left&#8221; row_border_radius=&#8221;none&#8221; row_border_radius_applies=&#8221;bg&#8221; overlay_strength=&#8221;0.3&#8243; gradient_direction=&#8221;left_to_right&#8221; shape_divider_position=&#8221;bottom&#8221; bg_image_animation=&#8221;none&#8221; shape_type=&#8221;&#8221;][vc_column column_padding=&#8221;no-extra-padding&#8221; column_padding_tablet=&#8221;inherit&#8221; column_padding_phone=&#8221;inherit&#8221; column_padding_position=&#8221;all&#8221; background_color_opacity=&#8221;1&#8243; background_hover_color_opacity=&#8221;1&#8243; column_shadow=&#8221;none&#8221; column_border_radius=&#8221;none&#8221; column_link_target=&#8221;_self&#8221; gradient_direction=&#8221;left_to_right&#8221; overlay_strength=&#8221;0.3&#8243; width=&#8221;1\/1&#8243;...\" \/>\n<meta property=\"og:url\" content=\"https:\/\/hype.com.tr\/en\/success-stories\/\" \/>\n<meta property=\"og:site_name\" content=\"Hype\" \/>\n<meta property=\"article:publisher\" content=\"https:\/\/www.facebook.com\/hypeistanbul\" \/>\n<meta property=\"article:modified_time\" content=\"2025-11-27T08:09:30+00:00\" \/>\n<meta name=\"twitter:card\" content=\"summary_large_image\" \/>\n<meta name=\"twitter:site\" content=\"@hypeistanbul\" \/>\n<meta name=\"twitter:label1\" content=\"Est. reading time\" \/>\n\t<meta name=\"twitter:data1\" content=\"5 minutes\" \/>\n<script type=\"application\/ld+json\" class=\"yoast-schema-graph\">{\"@context\":\"https:\/\/schema.org\",\"@graph\":[{\"@type\":\"WebPage\",\"@id\":\"https:\/\/hype.com.tr\/en\/success-stories\/\",\"url\":\"https:\/\/hype.com.tr\/en\/success-stories\/\",\"name\":\"Success Stories - Hype\",\"isPartOf\":{\"@id\":\"https:\/\/hype.com.tr\/#website\"},\"datePublished\":\"2017-09-01T18:44:54+00:00\",\"dateModified\":\"2025-11-27T08:09:30+00:00\",\"breadcrumb\":{\"@id\":\"https:\/\/hype.com.tr\/en\/success-stories\/#breadcrumb\"},\"inLanguage\":\"en-US\",\"potentialAction\":[{\"@type\":\"ReadAction\",\"target\":[\"https:\/\/hype.com.tr\/en\/success-stories\/\"]}]},{\"@type\":\"BreadcrumbList\",\"@id\":\"https:\/\/hype.com.tr\/en\/success-stories\/#breadcrumb\",\"itemListElement\":[{\"@type\":\"ListItem\",\"position\":1,\"name\":\"Home\",\"item\":\"https:\/\/hype.com.tr\/en\/\"},{\"@type\":\"ListItem\",\"position\":2,\"name\":\"Success Stories\"}]},{\"@type\":\"WebSite\",\"@id\":\"https:\/\/hype.com.tr\/#website\",\"url\":\"https:\/\/hype.com.tr\/\",\"name\":\"Hype\",\"description\":\"\u0130\u015finize Yarayan Sonu\u00e7lar \u00dcretiyoruz\",\"publisher\":{\"@id\":\"https:\/\/hype.com.tr\/#organization\"},\"potentialAction\":[{\"@type\":\"SearchAction\",\"target\":{\"@type\":\"EntryPoint\",\"urlTemplate\":\"https:\/\/hype.com.tr\/?s={search_term_string}\"},\"query-input\":{\"@type\":\"PropertyValueSpecification\",\"valueRequired\":true,\"valueName\":\"search_term_string\"}}],\"inLanguage\":\"en-US\"},{\"@type\":\"Organization\",\"@id\":\"https:\/\/hype.com.tr\/#organization\",\"name\":\"Hype\",\"url\":\"https:\/\/hype.com.tr\/\",\"logo\":{\"@type\":\"ImageObject\",\"inLanguage\":\"en-US\",\"@id\":\"https:\/\/hype.com.tr\/#\/schema\/logo\/image\/\",\"url\":\"https:\/\/hype.com.tr\/wp-content\/uploads\/2020\/09\/hype-logo-transparent-v2.png\",\"contentUrl\":\"https:\/\/hype.com.tr\/wp-content\/uploads\/2020\/09\/hype-logo-transparent-v2.png\",\"width\":63,\"height\":34,\"caption\":\"Hype\"},\"image\":{\"@id\":\"https:\/\/hype.com.tr\/#\/schema\/logo\/image\/\"},\"sameAs\":[\"https:\/\/www.facebook.com\/hypeistanbul\",\"https:\/\/x.com\/hypeistanbul\"]}]}<\/script>\n<!-- \/ Yoast SEO plugin. -->","yoast_head_json":{"title":"Success Stories - Hype","robots":{"index":"index","follow":"follow","max-snippet":"max-snippet:-1","max-image-preview":"max-image-preview:large","max-video-preview":"max-video-preview:-1"},"canonical":"https:\/\/hype.com.tr\/en\/success-stories\/","og_locale":"en_US","og_type":"article","og_title":"Success Stories - Hype","og_description":"[vc_row type=&#8221;full_width_background&#8221; full_screen_row_position=&#8221;middle&#8221; column_margin=&#8221;default&#8221; column_direction=&#8221;default&#8221; column_direction_tablet=&#8221;default&#8221; column_direction_phone=&#8221;default&#8221; scene_position=&#8221;center&#8221; bottom_padding=&#8221;60&#8243; text_color=&#8221;dark&#8221; text_align=&#8221;left&#8221; row_border_radius=&#8221;none&#8221; row_border_radius_applies=&#8221;bg&#8221; overlay_strength=&#8221;0.3&#8243; gradient_direction=&#8221;left_to_right&#8221; shape_divider_position=&#8221;bottom&#8221; bg_image_animation=&#8221;none&#8221; shape_type=&#8221;&#8221;][vc_column column_padding=&#8221;no-extra-padding&#8221; column_padding_tablet=&#8221;inherit&#8221; column_padding_phone=&#8221;inherit&#8221; column_padding_position=&#8221;all&#8221; background_color_opacity=&#8221;1&#8243; background_hover_color_opacity=&#8221;1&#8243; column_shadow=&#8221;none&#8221; column_border_radius=&#8221;none&#8221; column_link_target=&#8221;_self&#8221; gradient_direction=&#8221;left_to_right&#8221; overlay_strength=&#8221;0.3&#8243; width=&#8221;1\/1&#8243;...","og_url":"https:\/\/hype.com.tr\/en\/success-stories\/","og_site_name":"Hype","article_publisher":"https:\/\/www.facebook.com\/hypeistanbul","article_modified_time":"2025-11-27T08:09:30+00:00","twitter_card":"summary_large_image","twitter_site":"@hypeistanbul","twitter_misc":{"Est. reading time":"5 minutes"},"schema":{"@context":"https:\/\/schema.org","@graph":[{"@type":"WebPage","@id":"https:\/\/hype.com.tr\/en\/success-stories\/","url":"https:\/\/hype.com.tr\/en\/success-stories\/","name":"Success Stories - Hype","isPartOf":{"@id":"https:\/\/hype.com.tr\/#website"},"datePublished":"2017-09-01T18:44:54+00:00","dateModified":"2025-11-27T08:09:30+00:00","breadcrumb":{"@id":"https:\/\/hype.com.tr\/en\/success-stories\/#breadcrumb"},"inLanguage":"en-US","potentialAction":[{"@type":"ReadAction","target":["https:\/\/hype.com.tr\/en\/success-stories\/"]}]},{"@type":"BreadcrumbList","@id":"https:\/\/hype.com.tr\/en\/success-stories\/#breadcrumb","itemListElement":[{"@type":"ListItem","position":1,"name":"Home","item":"https:\/\/hype.com.tr\/en\/"},{"@type":"ListItem","position":2,"name":"Success Stories"}]},{"@type":"WebSite","@id":"https:\/\/hype.com.tr\/#website","url":"https:\/\/hype.com.tr\/","name":"Hype","description":"\u0130\u015finize Yarayan Sonu\u00e7lar \u00dcretiyoruz","publisher":{"@id":"https:\/\/hype.com.tr\/#organization"},"potentialAction":[{"@type":"SearchAction","target":{"@type":"EntryPoint","urlTemplate":"https:\/\/hype.com.tr\/?s={search_term_string}"},"query-input":{"@type":"PropertyValueSpecification","valueRequired":true,"valueName":"search_term_string"}}],"inLanguage":"en-US"},{"@type":"Organization","@id":"https:\/\/hype.com.tr\/#organization","name":"Hype","url":"https:\/\/hype.com.tr\/","logo":{"@type":"ImageObject","inLanguage":"en-US","@id":"https:\/\/hype.com.tr\/#\/schema\/logo\/image\/","url":"https:\/\/hype.com.tr\/wp-content\/uploads\/2020\/09\/hype-logo-transparent-v2.png","contentUrl":"https:\/\/hype.com.tr\/wp-content\/uploads\/2020\/09\/hype-logo-transparent-v2.png","width":63,"height":34,"caption":"Hype"},"image":{"@id":"https:\/\/hype.com.tr\/#\/schema\/logo\/image\/"},"sameAs":["https:\/\/www.facebook.com\/hypeistanbul","https:\/\/x.com\/hypeistanbul"]}]}},"_links":{"self":[{"href":"https:\/\/hype.com.tr\/en\/wp-json\/wp\/v2\/pages\/209","targetHints":{"allow":["GET"]}}],"collection":[{"href":"https:\/\/hype.com.tr\/en\/wp-json\/wp\/v2\/pages"}],"about":[{"href":"https:\/\/hype.com.tr\/en\/wp-json\/wp\/v2\/types\/page"}],"author":[{"embeddable":true,"href":"https:\/\/hype.com.tr\/en\/wp-json\/wp\/v2\/users\/1"}],"replies":[{"embeddable":true,"href":"https:\/\/hype.com.tr\/en\/wp-json\/wp\/v2\/comments?post=209"}],"version-history":[{"count":9,"href":"https:\/\/hype.com.tr\/en\/wp-json\/wp\/v2\/pages\/209\/revisions"}],"predecessor-version":[{"id":13493,"href":"https:\/\/hype.com.tr\/en\/wp-json\/wp\/v2\/pages\/209\/revisions\/13493"}],"wp:attachment":[{"href":"https:\/\/hype.com.tr\/en\/wp-json\/wp\/v2\/media?parent=209"}],"curies":[{"name":"wp","href":"https:\/\/api.w.org\/{rel}","templated":true}]}}